{"id":15,"date":"2017-02-27T15:26:11","date_gmt":"2017-02-27T14:26:11","guid":{"rendered":"http:\/\/szamotuly.bike\/?page_id=15"},"modified":"2024-09-24T16:00:41","modified_gmt":"2024-09-24T14:00:41","slug":"cennik","status":"publish","type":"page","link":"https:\/\/rowery.pobiedziska.pl\/de\/preisliste\/","title":{"rendered":"Preisliste"},"content":{"rendered":"<p>Bitte beachten sie, dass Ihr Konto nur dann aktiv ist, wenn es ein Guthaben von mindestens 10 PLN aufweist oder wenn es durch eine Kreditkarte gedeckt wird<\/p>\n<table>\n<tbody>\n<tr>\n<td colspan=\"2\" width=\"393\">\u00a0<strong>Art der Geb\u00fchr<\/strong><\/td>\n<td width=\"95\">\u00a0<strong>Bruttowert<\/strong><\/td>\n<\/tr>\n<tr>\n<td colspan=\"2\" width=\"393\">Leitgeb\u00fchr<\/td>\n<td width=\"95\">10 PLN<\/td>\n<\/tr>\n<tr>\n<td rowspan=\"2\" width=\"211\">Zeitgeb\u00fchr<\/td>\n<td width=\"182\">Mietdauer:<\/td>\n<td width=\"95\"><\/td>\n<\/tr>\n<tr>\n<td width=\"182\">Bis 4 Stunden<\/td>\n<td width=\"95\">0 PLN<\/td>\n<\/tr>\n<\/tbody>\n<\/table>\n<table>\n<tbody>\n<tr>\n<td colspan=\"2\" width=\"393\"><strong>Geb\u00fchren f\u00fcr die Nutzung des PRG-Systems<\/strong><\/td>\n<td width=\"95\"><strong>Bruttowert<\/strong><\/td>\n<\/tr>\n<tr>\n<td colspan=\"2\" width=\"393\">Schriftliche Benachrichtigung per Brief \u00fcber Versto\u00df gegen Nutzungsbestimmungen<\/td>\n<td width=\"95\">10 PLN<\/td>\n<\/tr>\n<tr>\n<td colspan=\"2\" width=\"393\">F\u00fcr die Nutzung des Fahrrads mehr als 4 Stunden bis 12 Stunden der Verwendung (f\u00fcr jede angefangene Stunde)<\/td>\n<td width=\"95\">4 PLN<\/td>\n<\/tr>\n<tr>\n<td colspan=\"2\" width=\"393\">Diebstahl, Verlust oder komplette Zerst\u00f6rung eines Standardfahrrads<\/td>\n<td width=\"95\">2000 PLN<\/td>\n<\/tr>\n<tr>\n<td colspan=\"2\" width=\"393\">Zuschlag f\u00fcr die \u00dcberschreitung der Entleihdauer von 12 Stunden<\/td>\n<td width=\"95\">180 PLN<\/td>\n<\/tr>\n<tr>\n<td colspan=\"2\" width=\"393\">Fahrradr\u00fcckgabe au\u00dferhalb der Nutzungszone<\/td>\n<td width=\"95\">500 PLN<\/td>\n<\/tr>\n<\/tbody>\n<\/table>\n<p><\/p>","protected":false},"excerpt":{"rendered":"<p>Bitte beachten sie, dass Ihr Konto nur dann aktiv ist, wenn es ein Guthaben von mindestens 10 PLN aufweist oder wenn es durch eine Kreditkarte gedeckt wird \u00a0Art der Geb\u00fchr \u00a0Bruttowert Leitgeb\u00fchr 10 PLN Zeitgeb\u00fchr Mietdauer: Bis 4 Stunden 0 PLN Geb\u00fchren f\u00fcr die Nutzung des PRG-Systems Bruttowert Schriftliche Benachrichtigung per Brief \u00fcber Versto\u00df gegen [&hellip;]<\/p>\n","protected":false},"author":10,"featured_media":0,"parent":0,"menu_order":0,"comment_status":"closed","ping_status":"closed","template":"pricing.php","meta":[],"_links":{"self":[{"href":"https:\/\/rowery.pobiedziska.pl\/de\/wp-json\/wp\/v2\/pages\/15"}],"collection":[{"href":"https:\/\/rowery.pobiedziska.pl\/de\/wp-json\/wp\/v2\/pages"}],"about":[{"href":"https:\/\/rowery.pobiedziska.pl\/de\/wp-json\/wp\/v2\/types\/page"}],"author":[{"embeddable":true,"href":"https:\/\/rowery.pobiedziska.pl\/de\/wp-json\/wp\/v2\/users\/10"}],"replies":[{"embeddable":true,"href":"https:\/\/rowery.pobiedziska.pl\/de\/wp-json\/wp\/v2\/comments?post=15"}],"version-history":[{"count":90,"href":"https:\/\/rowery.pobiedziska.pl\/de\/wp-json\/wp\/v2\/pages\/15\/revisions"}],"predecessor-version":[{"id":1685,"href":"https:\/\/rowery.pobiedziska.pl\/de\/wp-json\/wp\/v2\/pages\/15\/revisions\/1685"}],"wp:attachment":[{"href":"https:\/\/rowery.pobiedziska.pl\/de\/wp-json\/wp\/v2\/media?parent=15"}],"curies":[{"name":"wp","href":"https:\/\/api.w.org\/{rel}","templated":true}]}}